{"id":19,"date":"2022-03-30T20:15:14","date_gmt":"2022-03-30T20:15:14","guid":{"rendered":"http:\/\/www.fischer-sports.ch\/?page_id=19"},"modified":"2022-10-12T12:42:57","modified_gmt":"2022-10-12T12:42:57","slug":"reisen","status":"publish","type":"page","link":"https:\/\/www.fischer-sports.ch\/?page_id=19","title":{"rendered":"Reisen"},"content":{"rendered":"<ul class=\"wp-block-latest-posts__list has-dates has-author wp-block-latest-posts\"><li><a class=\"wp-block-latest-posts__post-title\" href=\"https:\/\/www.fischer-sports.ch\/?p=498\">Sommerferien 2023<\/a><div class=\"wp-block-latest-posts__post-author\">von Fischer<\/div><time datetime=\"2023-09-19T07:49:00+00:00\" class=\"wp-block-latest-posts__post-date\">September 19, 2023<\/time><div class=\"wp-block-latest-posts__post-excerpt\">Unsere Reise f\u00fchrte uns dieses Jahr via Berg\u00fcn \u00fcber den Albulapass, weiter nach Zernez, und\u2026\u00a0<a class=\"wp-block-latest-posts__read-more\" href=\"https:\/\/www.fischer-sports.ch\/?p=498\" rel=\"noopener noreferrer\"><span class=\"screen-reader-text\">Sommerferien 2023 <\/span>weiterlesen<\/a><\/div><\/li>\n<li><a class=\"wp-block-latest-posts__post-title\" href=\"https:\/\/www.fischer-sports.ch\/?p=362\">ENGLANDREISE 2. JULI &#8211; 14. JULI 2022<\/a><div class=\"wp-block-latest-posts__post-author\">von Fischer<\/div><time datetime=\"2022-07-16T19:52:00+00:00\" class=\"wp-block-latest-posts__post-date\">Juli 16, 2022<\/time><div class=\"wp-block-latest-posts__post-excerpt\"><\/div><\/li>\n<li><a class=\"wp-block-latest-posts__post-title\" href=\"https:\/\/www.fischer-sports.ch\/?p=377\">Canadareise 09.05.-24.05.2019<\/a><div class=\"wp-block-latest-posts__post-author\">von Fischer<\/div><time datetime=\"2019-05-30T20:15:00+00:00\" class=\"wp-block-latest-posts__post-date\">Mai 30, 2019<\/time><div class=\"wp-block-latest-posts__post-excerpt\"><\/div><\/li>\n<\/ul>","protected":false},"excerpt":{"rendered":"","protected":false},"author":1,"featured_media":207,"parent":0,"menu_order":0,"comment_status":"closed","ping_status":"closed","template":"","meta":{"footnotes":""},"class_list":["post-19","page","type-page","status-publish","has-post-thumbnail","hentry"],"_links":{"self":[{"href":"https:\/\/www.fischer-sports.ch\/index.php?rest_route=\/wp\/v2\/pages\/19","targetHints":{"allow":["GET"]}}],"collection":[{"href":"https:\/\/www.fischer-sports.ch\/index.php?rest_route=\/wp\/v2\/pages"}],"about":[{"href":"https:\/\/www.fischer-sports.ch\/index.php?rest_route=\/wp\/v2\/types\/page"}],"author":[{"embeddable":true,"href":"https:\/\/www.fischer-sports.ch\/index.php?rest_route=\/wp\/v2\/users\/1"}],"replies":[{"embeddable":true,"href":"https:\/\/www.fischer-sports.ch\/index.php?rest_route=%2Fwp%2Fv2%2Fcomments&post=19"}],"version-history":[{"count":11,"href":"https:\/\/www.fischer-sports.ch\/index.php?rest_route=\/wp\/v2\/pages\/19\/revisions"}],"predecessor-version":[{"id":373,"href":"https:\/\/www.fischer-sports.ch\/index.php?rest_route=\/wp\/v2\/pages\/19\/revisions\/373"}],"wp:featuredmedia":[{"embeddable":true,"href":"https:\/\/www.fischer-sports.ch\/index.php?rest_route=\/wp\/v2\/media\/207"}],"wp:attachment":[{"href":"https:\/\/www.fischer-sports.ch\/index.php?rest_route=%2Fwp%2Fv2%2Fmedia&parent=19"}],"curies":[{"name":"wp","href":"https:\/\/api.w.org\/{rel}","templated":true}]}}