{"id":49,"date":"2022-04-18T11:27:14","date_gmt":"2022-04-18T11:27:14","guid":{"rendered":"http:\/\/www.fischer-sports.ch\/?page_id=49"},"modified":"2022-08-02T20:22:48","modified_gmt":"2022-08-02T20:22:48","slug":"ueber-uns","status":"publish","type":"page","link":"https:\/\/www.fischer-sports.ch\/","title":{"rendered":"\u00dcber uns"},"content":{"rendered":"\n<p>Aurelia und Dorian sind die Fischer Sports Kinder. Bestens ausger\u00fcstet mit Fischer Ski erleben Sie manche H\u00f6hepunkte. Ebenso in Mountainbike, Karate, Fussball und im Reisen. Dank unseren V-Zug Ger\u00e4te haben wir immer Saubere W\u00e4sche und gesundes Essen. F\u00fcr den n\u00e4chsten Event sind wir immer Erholt wegen unserer Klafs Sauna. Ob Sport, Reisen oder Fun, Festgehalten wird alles mit unserer Canon Kamera.<\/p>\n\n\n\n<h2 class=\"wp-block-heading\"><em>Despre noi<\/em><\/h2>\n\n\n\n<p><em>Aurelia \u0219i Dorian sunt copiii Fischer Sports. Bine echipa\u021bi cu schiuri Fischer, experimenteaz\u0103 unele dintre cele mai importante momente. La fel \u0219i \u00een ciclism montan, karate, fotbal \u0219i c\u0103l\u0103torii. Datorit\u0103 aparatelor noastre V-Zug, avem \u00eentotdeauna rufe curate \u0219i alimente s\u0103n\u0103toase. Pentru urm\u0103torul eveniment suntem mereu relaxa\u021bi datorit\u0103 saunei noastre Klafs. Indiferent dac\u0103 este sport, c\u0103l\u0103torie sau distrac\u021bie, totul este surprins cu camera noastr\u0103 Canon.<\/em><\/p>\n","protected":false},"excerpt":{"rendered":"<p>Aurelia und Dorian sind die Fischer Sports Kinder. Bestens ausger\u00fcstet mit Fischer Ski erleben Sie [&hellip;]<\/p>\n","protected":false},"author":1,"featured_media":0,"parent":0,"menu_order":1,"comment_status":"closed","ping_status":"closed","template":"template-full-width.php","meta":{"footnotes":""},"class_list":["post-49","page","type-page","status-publish","hentry"],"_links":{"self":[{"href":"https:\/\/www.fischer-sports.ch\/index.php?rest_route=\/wp\/v2\/pages\/49","targetHints":{"allow":["GET"]}}],"collection":[{"href":"https:\/\/www.fischer-sports.ch\/index.php?rest_route=\/wp\/v2\/pages"}],"about":[{"href":"https:\/\/www.fischer-sports.ch\/index.php?rest_route=\/wp\/v2\/types\/page"}],"author":[{"embeddable":true,"href":"https:\/\/www.fischer-sports.ch\/index.php?rest_route=\/wp\/v2\/users\/1"}],"replies":[{"embeddable":true,"href":"https:\/\/www.fischer-sports.ch\/index.php?rest_route=%2Fwp%2Fv2%2Fcomments&post=49"}],"version-history":[{"count":9,"href":"https:\/\/www.fischer-sports.ch\/index.php?rest_route=\/wp\/v2\/pages\/49\/revisions"}],"predecessor-version":[{"id":107,"href":"https:\/\/www.fischer-sports.ch\/index.php?rest_route=\/wp\/v2\/pages\/49\/revisions\/107"}],"wp:attachment":[{"href":"https:\/\/www.fischer-sports.ch\/index.php?rest_route=%2Fwp%2Fv2%2Fmedia&parent=49"}],"curies":[{"name":"wp","href":"https:\/\/api.w.org\/{rel}","templated":true}]}}